{"id":8,"date":"2018-06-06T12:58:12","date_gmt":"2018-06-06T12:58:12","guid":{"rendered":"http:\/\/neu.architekten-wolbeck.de\/?page_id=8"},"modified":"2019-09-29T22:13:17","modified_gmt":"2019-09-29T22:13:17","slug":"vita","status":"publish","type":"page","link":"https:\/\/architekten-wolbeck.de\/?page_id=8","title":{"rendered":"Vita"},"content":{"rendered":"<p><img loading=\"lazy\" decoding=\"async\" class=\"alignright wp-image-88 size-medium\" title=\"Hotelanlage Starnberg\" src=\"https:\/\/architekten-wolbeck.de\/wp-content\/uploads\/2019\/09\/starnberg-300x199.gif\" alt=\"Hotelanlage Starnberg\" width=\"300\" height=\"199\" \/><\/p>\n<p>Kurzvita Klaus Kramer Dipl. &#8211; Ing. Architekt<\/p>\n<p>1991<br \/>\nAbschlu\u00df im Studiengang Architektur an der Fachhochschule M\u00fcnster Titel: Diplom-Ingenieur<\/p>\n<p>1991-1993<br \/>\nT\u00e4tigkeit im Architekturb\u00fcro: Rohlmann Architekten &amp; Ingenieure, M\u00fcnster Schwerpunkt: Hotelanlage am Starnberger See<\/p>\n<p>1993<br \/>\nMitgliedschaft in der Architektenkammer NRW<\/p>\n<p>1993-1998<br \/>\nT\u00e4tigkeit im Architekturb\u00fcro: Michael Knoche, M\u00fcnster Schwerpunkt: Erweiterung der LVA-Westfalen<\/p>\n<p><img loading=\"lazy\" decoding=\"async\" class=\"alignright wp-image-91 size-medium\" title=\"Landesversicherungsanstalt M\u00fcnster\" src=\"https:\/\/architekten-wolbeck.de\/wp-content\/uploads\/2019\/09\/lva-ms-300x220.gif\" alt=\"Landesversicherungsanstalt M\u00fcnster\" width=\"300\" height=\"220\" \/>1996<br \/>\nBeginn mit der Nebent\u00e4tigkeit des Architekturb\u00fcros Klaus Kramer<\/p>\n<p>1998-2005<br \/>\nT\u00e4tigkeit im Architekturb\u00fcro: Ludger Wermeling, Greven Schwerpunkt: Verwaltungs- und Wohnungsbau, behinderten- und altengerechtes Wohnen<\/p>\n<p>2006<br \/>\nGr\u00fcndung &#8222;Kramer Architekten&#8220; M\u00fcnster-Wolbeck<\/p>\n<p>2009<br \/>\nGr\u00fcndung der Architektensozit\u00e4t Ludger Wermeling &amp; Klaus Kramer<\/p>\n<p>2019<br \/>\nAusscheiden von Ludger Wermeling und weiterf\u00fchren unter dem Namen Kramer Architekten.<\/p>\n","protected":false},"excerpt":{"rendered":"<p>Kurzvita Klaus Kramer Dipl. &#8211; Ing. Architekt 1991 Abschlu\u00df im Studiengang Architektur an der Fachhochschule M\u00fcnster Titel: Diplom-Ingenieur 1991-1993 T\u00e4tigkeit im Architekturb\u00fcro: Rohlmann Architekten &amp; Ingenieure, M\u00fcnster Schwerpunkt: Hotelanlage am Starnberger See 1993 Mitgliedschaft in der Architektenkammer NRW 1993-1998 T\u00e4tigkeit im Architekturb\u00fcro: Michael Knoche, M\u00fcnster Schwerpunkt: Erweiterung der LVA-Westfalen 1996 Beginn mit der Nebent\u00e4tigkeit des [&hellip;]<\/p>\n","protected":false},"author":1,"featured_media":0,"parent":0,"menu_order":0,"comment_status":"closed","ping_status":"closed","template":"","meta":{"footnotes":""},"_links":{"self":[{"href":"https:\/\/architekten-wolbeck.de\/index.php?rest_route=\/wp\/v2\/pages\/8"}],"collection":[{"href":"https:\/\/architekten-wolbeck.de\/index.php?rest_route=\/wp\/v2\/pages"}],"about":[{"href":"https:\/\/architekten-wolbeck.de\/index.php?rest_route=\/wp\/v2\/types\/page"}],"author":[{"embeddable":true,"href":"https:\/\/architekten-wolbeck.de\/index.php?rest_route=\/wp\/v2\/users\/1"}],"replies":[{"embeddable":true,"href":"https:\/\/architekten-wolbeck.de\/index.php?rest_route=%2Fwp%2Fv2%2Fcomments&post=8"}],"version-history":[{"count":6,"href":"https:\/\/architekten-wolbeck.de\/index.php?rest_route=\/wp\/v2\/pages\/8\/revisions"}],"predecessor-version":[{"id":153,"href":"https:\/\/architekten-wolbeck.de\/index.php?rest_route=\/wp\/v2\/pages\/8\/revisions\/153"}],"wp:attachment":[{"href":"https:\/\/architekten-wolbeck.de\/index.php?rest_route=%2Fwp%2Fv2%2Fmedia&parent=8"}],"curies":[{"name":"wp","href":"https:\/\/api.w.org\/{rel}","templated":true}]}}